{"id":27,"date":"2013-04-03T07:49:44","date_gmt":"2013-04-03T05:49:44","guid":{"rendered":"http:\/\/www.weppelmann.de\/?page_id=27"},"modified":"2013-04-12T06:37:37","modified_gmt":"2013-04-12T04:37:37","slug":"infothek","status":"publish","type":"page","link":"http:\/\/www.weppelmann.de\/?page_id=27","title":{"rendered":"Infothek"},"content":{"rendered":"<div class=\"pf-content\"><p><strong>Infothek<\/strong><\/p>\n<ul>\n<li>urspr\u00fcnglich wu\u00dften wir alles #\u00a0 heute wissen wir mehr # und weniger # als wir wissen k\u00f6nnten # und niemand wei\u00df es ..<\/li>\n<\/ul>\n<p>Danke, dass Sie mehr wissen wollen \u00fcber den K\u00fcnstler Wilm Weppelmann! Unter dem Men\u00fcpunkt <strong>Infothek<\/strong> haben wir einige Informationen f\u00fcr Sie aufbereitet.<\/p>\n<p><strong>Akzente<\/strong><\/p>\n<ul>\n<li><a title=\"Kurzinfo\" href=\"http:\/\/www.weppelmann.de\/?page_id=52\">Kurzinformationen<\/a>\u00a0 &#8211; Egolandschaften<\/li>\n<li>Biografie &#8211; verschwinden im Gestern\u00a0 &#8211; ein chronisches Patchwork<\/li>\n<li>Presse &#8211; Kunst ist ein Schl\u00fcssel zu verlorenen Fragen<\/li>\n<li>Copyright &#8211; alles geh\u00f6rt mir, weil es mehr als nichts sein k\u00f6nnte<\/li>\n<\/ul>\n<p>&nbsp;<\/p>\n<\/div>","protected":false},"excerpt":{"rendered":"<p>Infothek urspr\u00fcnglich wu\u00dften wir alles #\u00a0 heute wissen wir mehr # und weniger # als wir wissen k\u00f6nnten # und<\/p>\n","protected":false},"author":2,"featured_media":0,"parent":0,"menu_order":0,"comment_status":"open","ping_status":"open","template":"","meta":{"footnotes":""},"class_list":["post-27","page","type-page","status-publish","hentry"],"_links":{"self":[{"href":"http:\/\/www.weppelmann.de\/index.php?rest_route=\/wp\/v2\/pages\/27","targetHints":{"allow":["GET"]}}],"collection":[{"href":"http:\/\/www.weppelmann.de\/index.php?rest_route=\/wp\/v2\/pages"}],"about":[{"href":"http:\/\/www.weppelmann.de\/index.php?rest_route=\/wp\/v2\/types\/page"}],"author":[{"embeddable":true,"href":"http:\/\/www.weppelmann.de\/index.php?rest_route=\/wp\/v2\/users\/2"}],"replies":[{"embeddable":true,"href":"http:\/\/www.weppelmann.de\/index.php?rest_route=%2Fwp%2Fv2%2Fcomments&post=27"}],"version-history":[{"count":5,"href":"http:\/\/www.weppelmann.de\/index.php?rest_route=\/wp\/v2\/pages\/27\/revisions"}],"predecessor-version":[{"id":57,"href":"http:\/\/www.weppelmann.de\/index.php?rest_route=\/wp\/v2\/pages\/27\/revisions\/57"}],"wp:attachment":[{"href":"http:\/\/www.weppelmann.de\/index.php?rest_route=%2Fwp%2Fv2%2Fmedia&parent=27"}],"curies":[{"name":"wp","href":"https:\/\/api.w.org\/{rel}","templated":true}]}}