{"id":32,"date":"2013-04-03T07:51:06","date_gmt":"2013-04-03T05:51:06","guid":{"rendered":"http:\/\/www.weppelmann.de\/?page_id=32"},"modified":"2014-03-12T11:58:33","modified_gmt":"2014-03-12T09:58:33","slug":"archiv","status":"publish","type":"page","link":"http:\/\/www.weppelmann.de\/?page_id=32","title":{"rendered":"Archiv"},"content":{"rendered":"<div class=\"pf-content\"><p style=\"text-align: center;\"><strong>Das Archiv von Wilm Weppelmann &#8211; 0 bis 2013<\/strong><\/p>\n<p style=\"text-align: center;\"><span id=\"result_box\" lang=\"en\"><span class=\"hps\">&#8222;I made<\/span> here <span class=\"hps\">a selection from<\/span> origins, <span class=\"hps\">roots, twigs and\u00a0<\/span> <span class=\"hps\">ramifications of <\/span><span class=\"hps\">current<\/span> <span class=\"hps\">art projects<\/span> <span class=\"hps\">..&#8220;<br \/>\n<\/span><\/span><\/p>\n<p style=\"text-align: center;\"><a href=\"http:\/\/www.weppelmann.de\/wp-content\/uploads\/2014\/01\/F1000021_Gr\u00f6\u00dfenver\u00e4nderung.jpg\"><img loading=\"lazy\" decoding=\"async\" class=\"aligncenter  wp-image-736\" alt=\"F1000021_Gr\u00f6\u00dfenver\u00e4nderung\" src=\"http:\/\/www.weppelmann.de\/wp-content\/uploads\/2014\/01\/F1000021_Gr\u00f6\u00dfenver\u00e4nderung-200x300.jpg\" width=\"122\" height=\"184\" srcset=\"http:\/\/www.weppelmann.de\/wp-content\/uploads\/2014\/01\/F1000021_Gr\u00f6\u00dfenver\u00e4nderung-200x300.jpg 200w, http:\/\/www.weppelmann.de\/wp-content\/uploads\/2014\/01\/F1000021_Gr\u00f6\u00dfenver\u00e4nderung.jpg 236w\" sizes=\"auto, (max-width: 122px) 100vw, 122px\" \/><\/a>Kassel 2004<\/p>\n<p style=\"text-align: left;\"><a href=\"http:\/\/www.weppelmann.de\/?page_id=539\">0 &#8211; 1998<\/a> prologue &#8211; &#8222;What\u2019s past is prologue&#8220; William Shakespeare<\/p>\n<p style=\"text-align: left;\"><a title=\"1999\" href=\"http:\/\/www.weppelmann.de\/?page_id=623\">1999<\/a> &#8222;Ich sehe meine Augen \u2013 photography Wilm Weppelmann&#8220; # \u201czukunft?! \u2013 hundert portr\u00e4ts und ein satz&#8220;<\/p>\n<p style=\"text-align: left;\"><a title=\"2003\" href=\"http:\/\/www.weppelmann.de\/?page_id=667\">2003<\/a> \u201cich verl\u00e4sst ich \u2013 Bilder vom Leben und Sterben\u201c<\/p>\n<p style=\"text-align: left;\"><a title=\"2004\" href=\"http:\/\/www.weppelmann.de\/?page_id=708\">2004<\/a>\u00a0 &#8222;sterben kommt.\u00a0 szene_Wilm Weppelmann&#8220; # &#8222;Gute Nacht M\u00fcnster &#8211; Fotografien von Wilm Weppelmann&#8220;<\/p>\n<p style=\"text-align: left;\"><a title=\"2005\" href=\"http:\/\/www.weppelmann.de\/?page_id=795\">2005\u00a0<\/a> &#8222;Stuttgart und die letzte Frage&#8220;# &#8222;Der Kleingarten von Wilm Weppelmann&#8220;<\/p>\n<p style=\"text-align: left;\"><a title=\"2006\" href=\"http:\/\/www.weppelmann.de\/?page_id=827\">2006<\/a> &#8222;1. Freie Gartenakademie 2006&#8243;# &#8222;Die letzte Zukunft&#8220;<\/p>\n<p style=\"text-align: left;\"><a href=\"http:\/\/www.weppelmann.de\/?page_id=858\">2007<\/a>\u00a0 &#8222;artivism.de&#8220; # &#8222;The World Garden Project&#8220; # &#8222;Die Stadt fragt&#8220;<\/p>\n<p style=\"text-align: left;\"><a href=\"http:\/\/www.weppelmann.de\/?page_id=945\">2009<\/a> &#8222;Wilm Weppelmann und Guerilla Gardening\u201d #<\/p>\n<p style=\"text-align: left;\"><a href=\"http:\/\/www.weppelmann.de\/?page_id=988\">2010<\/a>\u00a0 \u201cThe Hunger Garden I\u201d<\/p>\n<p style=\"text-align: left;\"><a title=\"2011\" href=\"http:\/\/www.weppelmann.de\/?page_id=999\">2011<\/a> &#8222;Die Gesichter des Photographen &#8211; Portr\u00e4tphotograpie&#8220; # &#8222;gardenstreet 03 London&#8220;\u00a0 # &#8222;The First Britnic . the picnic&#8220; # &#8222;Eat your Town&#8220; # &#8222;Der erste Winterschlaf von Wilm Weppelmann&#8220;<\/p>\n<p style=\"text-align: left;\"><a href=\"http:\/\/www.weppelmann.de\/?page_id=1076\">2012<\/a>\u00a0 &#8222;Nations of All Gardeners, Unite!&#8220; # &#8222;Zur\u00fcck auf die Strasse \u2013 zur\u00fcck in die Zukunft&#8220; # &#8222;The Hunger Garden II&#8220;<\/p>\n<p style=\"text-align: left;\"><a href=\"http:\/\/www.weppelmann.de\/?page_id=1098\">2013<\/a> &#8222;The Adventures of Rod Cabbage II&#8220; # &#8222;aFARM &#8211; eine Installation von Wilm Weppelmann&#8220;<\/p>\n<h3 class=\"MsoNormal\" style=\"text-align: center;\">Pressearchiv<\/h3>\n<p>Seit 1999 gibt es eine F\u00fclle von\u00a0 Medienbeitr\u00e4ge zur k\u00fcnstlerischen Arbeit von Wilm Weppelmann. Eine kleine Auswahl finden Sie hier:<\/p>\n<p style=\"text-align: center;\"><strong>Radio und Fernsehen: Berichte und Interviews (Auswahl)<\/strong><\/p>\n<p>21.5.1999 WDR 3 Fernsehen # Mai 1999 Antenne M\u00fcnster Radio # Juni 2004 TV M\u00fcnster # 25.3.2005 Radio 7 Stuttgart # 2007 Film &#8222;Die Stadt fragt&#8220; Institut f\u00fcr Soziologie M\u00fcnster # 7.7.2009 WDR 3 Fernsehen WestART #\u00a0 22.6.2010 WDR 3 Radio # 6.7.2010 ARD Morgenmagazin # 10.8.2010 Deutsche Welle Radio # 6.7.2010 wmtv M\u00fcnster Fernsehen\u00a0 # 15.10.2011 RTL Fernsehen # 20.7.2011\u00a0 WDR 3 Fernsehen # 23.7.2012 WDR 3 Radio # 19.7.2013 SAT 1 Fernsehen # 21.7.2013 WDR 3 Fernsehen # 3.9.2013 WDR 4 Radio\u00a0\u00a0 u.a.<\/p>\n<\/div>","protected":false},"excerpt":{"rendered":"<p>Das Archiv von Wilm Weppelmann &#8211; 0 bis 2013 &#8222;I made here a selection from origins, roots, twigs and\u00a0 ramifications<\/p>\n","protected":false},"author":2,"featured_media":1000,"parent":0,"menu_order":0,"comment_status":"open","ping_status":"open","template":"","meta":{"footnotes":""},"class_list":["post-32","page","type-page","status-publish","has-post-thumbnail","hentry"],"_links":{"self":[{"href":"http:\/\/www.weppelmann.de\/index.php?rest_route=\/wp\/v2\/pages\/32","targetHints":{"allow":["GET"]}}],"collection":[{"href":"http:\/\/www.weppelmann.de\/index.php?rest_route=\/wp\/v2\/pages"}],"about":[{"href":"http:\/\/www.weppelmann.de\/index.php?rest_route=\/wp\/v2\/types\/page"}],"author":[{"embeddable":true,"href":"http:\/\/www.weppelmann.de\/index.php?rest_route=\/wp\/v2\/users\/2"}],"replies":[{"embeddable":true,"href":"http:\/\/www.weppelmann.de\/index.php?rest_route=%2Fwp%2Fv2%2Fcomments&post=32"}],"version-history":[{"count":12,"href":"http:\/\/www.weppelmann.de\/index.php?rest_route=\/wp\/v2\/pages\/32\/revisions"}],"predecessor-version":[{"id":1123,"href":"http:\/\/www.weppelmann.de\/index.php?rest_route=\/wp\/v2\/pages\/32\/revisions\/1123"}],"wp:featuredmedia":[{"embeddable":true,"href":"http:\/\/www.weppelmann.de\/index.php?rest_route=\/wp\/v2\/media\/1000"}],"wp:attachment":[{"href":"http:\/\/www.weppelmann.de\/index.php?rest_route=%2Fwp%2Fv2%2Fmedia&parent=32"}],"curies":[{"name":"wp","href":"https:\/\/api.w.org\/{rel}","templated":true}]}}