{"id":59,"date":"2013-04-12T05:15:30","date_gmt":"2013-04-12T03:15:30","guid":{"rendered":"http:\/\/www.weppelmann.de\/?page_id=59"},"modified":"2020-10-07T08:12:21","modified_gmt":"2020-10-07T06:12:21","slug":"biografie","status":"publish","type":"page","link":"http:\/\/www.weppelmann.de\/?page_id=59","title":{"rendered":"Biografie"},"content":{"rendered":"<div class=\"pf-content\"><p><strong>Wilm Weppelmann<\/strong> wuchs in <a title=\"Ottmarsbocholt\" href=\"https:\/\/de.wikipedia.org\/wiki\/Ottmarsbocholt\">Ottmarsbocholt<\/a> (<a title=\"Westfalen\" href=\"https:\/\/de.wikipedia.org\/wiki\/Westfalen\">Westfalen<\/a>) auf. 1977 legte er sein Abitur am <a title=\"Pascal-Gymnasium M\u00fcnster\" href=\"https:\/\/de.wikipedia.org\/wiki\/Pascal-Gymnasium_M%C3%BCnster\">Pascal-Gymnasium M\u00fcnster<\/a> ab. Nach dem Studium der Germanistik an der <a title=\"Westf\u00e4lische Wilhelms-Universit\u00e4t\" href=\"https:\/\/de.wikipedia.org\/wiki\/Westf%C3%A4lische_Wilhelms-Universit%C3%A4t\">Westf\u00e4lische Wilhelms-Universit\u00e4t<\/a> <a title=\"M\u00fcnster (Westfalen)\" href=\"https:\/\/de.wikipedia.org\/wiki\/M%C3%BCnster_%28Westfalen%29\">M\u00fcnster<\/a>, begann Weppelmann seinen beruflichen Werdegang mit einer Stelle als Regie- und Dramaturgie-Assistent am M\u00fcnsteraner Zimmertheater (dem heutigen <a title=\"Wolfgang Borchert Theater\" href=\"https:\/\/de.wikipedia.org\/wiki\/Wolfgang_Borchert_Theater\">Wolfgang Borchert Theater<\/a>). Sp\u00e4ter arbeitete er als freier Journalist f\u00fcr verschiedene Kulturredaktionen, anschlie\u00dfend \u00fcbernahm Weppelmann eine leitende Stellungen bei einem Kinderbuchverlag und zuletzt beim Dortmunder Harenberg-Verlag, bevor er sich Ende der 1990er Jahre ganz der Kunst widmete. Seit 2005 hat er dem Gartenthema einen besonderen Schwerpunkt in seiner k\u00fcnstlerischen Arbeit einger\u00e4umt.<\/p>\n<p style=\"text-align: center;\"><strong>Die Biografie &#8211; ein chronisches Patchwork &#8211; 1957\u00a0 bis 2013<\/strong><\/p>\n<p style=\"text-align: center;\"><a href=\"http:\/\/www.weppelmann.de\/wp-content\/uploads\/2013\/04\/biografie-ganz.jpg\"><img loading=\"lazy\" decoding=\"async\" class=\"size-medium wp-image-99 aligncenter\" src=\"http:\/\/www.weppelmann.de\/wp-content\/uploads\/2013\/04\/biografie-ganz.jpg\" alt=\"biografie ganz\" width=\"886\" height=\"2373\" \/><\/a><\/p>\n<\/div>","protected":false},"excerpt":{"rendered":"<p>Wilm Weppelmann wuchs in Ottmarsbocholt (Westfalen) auf. 1977 legte er sein Abitur am Pascal-Gymnasium M\u00fcnster ab. Nach dem Studium der<\/p>\n","protected":false},"author":2,"featured_media":0,"parent":0,"menu_order":0,"comment_status":"closed","ping_status":"closed","template":"","meta":{"footnotes":""},"class_list":["post-59","page","type-page","status-publish","hentry"],"_links":{"self":[{"href":"http:\/\/www.weppelmann.de\/index.php?rest_route=\/wp\/v2\/pages\/59","targetHints":{"allow":["GET"]}}],"collection":[{"href":"http:\/\/www.weppelmann.de\/index.php?rest_route=\/wp\/v2\/pages"}],"about":[{"href":"http:\/\/www.weppelmann.de\/index.php?rest_route=\/wp\/v2\/types\/page"}],"author":[{"embeddable":true,"href":"http:\/\/www.weppelmann.de\/index.php?rest_route=\/wp\/v2\/users\/2"}],"replies":[{"embeddable":true,"href":"http:\/\/www.weppelmann.de\/index.php?rest_route=%2Fwp%2Fv2%2Fcomments&post=59"}],"version-history":[{"count":11,"href":"http:\/\/www.weppelmann.de\/index.php?rest_route=\/wp\/v2\/pages\/59\/revisions"}],"predecessor-version":[{"id":1467,"href":"http:\/\/www.weppelmann.de\/index.php?rest_route=\/wp\/v2\/pages\/59\/revisions\/1467"}],"wp:attachment":[{"href":"http:\/\/www.weppelmann.de\/index.php?rest_route=%2Fwp%2Fv2%2Fmedia&parent=59"}],"curies":[{"name":"wp","href":"https:\/\/api.w.org\/{rel}","templated":true}]}}